{"id":8,"date":"2024-03-08T12:11:35","date_gmt":"2024-03-08T15:11:35","guid":{"rendered":"https:\/\/sosdetox.esteticapriscilapalazzo.com.br\/?page_id=8"},"modified":"2024-03-08T13:56:26","modified_gmt":"2024-03-08T16:56:26","slug":"sos-detox","status":"publish","type":"page","link":"https:\/\/sosdetox.esteticapriscilapalazzo.com.br\/","title":{"rendered":"SOS Detox"},"content":{"rendered":"\t\t<div data-elementor-type=\"wp-page\" data-elementor-id=\"8\" class=\"elementor elementor-8\" data-elementor-post-type=\"page\">\n\t\t\t\t<div class=\"elementor-element elementor-element-dc25356 e-flex e-con-boxed e-con e-parent\" data-id=\"dc25356\" data-element_type=\"container\" data-settings=\"{&quot;background_background&quot;:&quot;gradient&quot;,&quot;content_width&quot;:&quot;boxed&quot;}\" data-core-v316-plus=\"true\">\n\t\t\t\t\t<div class=\"e-con-inner\">\n\t\t<div class=\"elementor-element elementor-element-ecfed5a e-con-full e-flex e-con e-child\" data-id=\"ecfed5a\" data-element_type=\"container\" data-settings=\"{&quot;content_width&quot;:&quot;full&quot;}\">\n\t\t\t\t<div class=\"elementor-element elementor-element-fb03ac3 elementor-widget elementor-widget-image\" data-id=\"fb03ac3\" data-element_type=\"widget\" data-widget_type=\"image.default\">\n\t\t\t\t<div class=\"elementor-widget-container\">\n\t\t\t<style>\/*! elementor - v3.19.0 - 28-02-2024 *\/\n.elementor-widget-image{text-align:center}.elementor-widget-image a{display:inline-block}.elementor-widget-image a img[src$=\".svg\"]{width:48px}.elementor-widget-image img{vertical-align:middle;display:inline-block}<\/style>\t\t\t\t\t\t\t\t\t\t<img decoding=\"async\" width=\"150\" height=\"150\" src=\"https:\/\/sosdetox.esteticapriscilapalazzo.com.br\/wp-content\/uploads\/2024\/03\/FINAL-SOS-DETOX-150x150.png\" class=\"attachment-thumbnail size-thumbnail wp-image-15\" alt=\"\" srcset=\"https:\/\/sosdetox.esteticapriscilapalazzo.com.br\/wp-content\/uploads\/2024\/03\/FINAL-SOS-DETOX-150x150.png 150w, https:\/\/sosdetox.esteticapriscilapalazzo.com.br\/wp-content\/uploads\/2024\/03\/FINAL-SOS-DETOX-100x100.png 100w\" sizes=\"100vw\" \/>\t\t\t\t\t\t\t\t\t\t\t\t\t<\/div>\n\t\t\t\t<\/div>\n\t\t\t\t<div class=\"elementor-element elementor-element-274eb2f elementor-widget elementor-widget-heading\" data-id=\"274eb2f\" data-element_type=\"widget\" data-widget_type=\"heading.default\">\n\t\t\t\t<div class=\"elementor-widget-container\">\n\t\t\t<style>\/*! elementor - v3.19.0 - 28-02-2024 *\/\n.elementor-heading-title{padding:0;margin:0;line-height:1}.elementor-widget-heading .elementor-heading-title[class*=elementor-size-]>a{color:inherit;font-size:inherit;line-height:inherit}.elementor-widget-heading .elementor-heading-title.elementor-size-small{font-size:15px}.elementor-widget-heading .elementor-heading-title.elementor-size-medium{font-size:19px}.elementor-widget-heading .elementor-heading-title.elementor-size-large{font-size:29px}.elementor-widget-heading .elementor-heading-title.elementor-size-xl{font-size:39px}.elementor-widget-heading .elementor-heading-title.elementor-size-xxl{font-size:59px}<\/style><h2 class=\"elementor-heading-title elementor-size-default\">A chave para desintoxicar, revigorar e brilhar ainda mais!<\/h2>\t\t<\/div>\n\t\t\t\t<\/div>\n\t\t\t\t<div class=\"elementor-element elementor-element-d5718ee elementor-widget elementor-widget-text-editor\" data-id=\"d5718ee\" data-element_type=\"widget\" data-widget_type=\"text-editor.default\">\n\t\t\t\t<div class=\"elementor-widget-container\">\n\t\t\t<style>\/*! elementor - v3.19.0 - 28-02-2024 *\/\n.elementor-widget-text-editor.elementor-drop-cap-view-stacked .elementor-drop-cap{background-color:#69727d;color:#fff}.elementor-widget-text-editor.elementor-drop-cap-view-framed .elementor-drop-cap{color:#69727d;border:3px solid;background-color:transparent}.elementor-widget-text-editor:not(.elementor-drop-cap-view-default) .elementor-drop-cap{margin-top:8px}.elementor-widget-text-editor:not(.elementor-drop-cap-view-default) .elementor-drop-cap-letter{width:1em;height:1em}.elementor-widget-text-editor .elementor-drop-cap{float:left;text-align:center;line-height:1;font-size:50px}.elementor-widget-text-editor .elementor-drop-cap-letter{display:inline-block}<\/style>\t\t\t\t<p>\u00a0SOS Detox \u00e9 formulado para eliminar toxinas e impurezas, proporcionando uma sensa\u00e7\u00e3o de leveza e vitalidade. Perca at\u00e9 4kg em 3 diascombinando ingredientes naturais poderosos.<\/p>\t\t\t\t\t\t<\/div>\n\t\t\t\t<\/div>\n\t\t\t\t<div class=\"elementor-element elementor-element-b5cc39a elementor-align-center elementor-widget elementor-widget-button\" data-id=\"b5cc39a\" data-element_type=\"widget\" data-widget_type=\"button.default\">\n\t\t\t\t<div class=\"elementor-widget-container\">\n\t\t\t\t\t<div class=\"elementor-button-wrapper\">\n\t\t\t<a class=\"elementor-button elementor-button-link elementor-size-md\" href=\"https:\/\/www.esteticahomeoficial.com.br\/combo-sos-detox-3-dias-novo\/\" target=\"_blank\">\n\t\t\t\t\t\t<span class=\"elementor-button-content-wrapper\">\n\t\t\t\t\t\t<span class=\"elementor-button-text\">Garanta agora o seu<\/span>\n\t\t<\/span>\n\t\t\t\t\t<\/a>\n\t\t<\/div>\n\t\t\t\t<\/div>\n\t\t\t\t<\/div>\n\t\t\t\t<\/div>\n\t\t<div class=\"elementor-element elementor-element-df9947d e-con-full e-flex e-con e-child\" data-id=\"df9947d\" data-element_type=\"container\" data-settings=\"{&quot;content_width&quot;:&quot;full&quot;}\">\n\t\t\t\t<div class=\"elementor-element elementor-element-c7885e8 elementor-widget elementor-widget-image\" data-id=\"c7885e8\" data-element_type=\"widget\" data-widget_type=\"image.default\">\n\t\t\t\t<div class=\"elementor-widget-container\">\n\t\t\t\t\t\t\t\t\t\t\t\t\t<img fetchpriority=\"high\" decoding=\"async\" width=\"1000\" height=\"1000\" src=\"https:\/\/sosdetox.esteticapriscilapalazzo.com.br\/wp-content\/uploads\/2024\/03\/Kit_SOS_Detox_Palazzo01.png\" class=\"attachment-1536x1536 size-1536x1536 wp-image-14\" alt=\"\" srcset=\"https:\/\/sosdetox.esteticapriscilapalazzo.com.br\/wp-content\/uploads\/2024\/03\/Kit_SOS_Detox_Palazzo01.png 1000w, https:\/\/sosdetox.esteticapriscilapalazzo.com.br\/wp-content\/uploads\/2024\/03\/Kit_SOS_Detox_Palazzo01-300x300.png 300w, https:\/\/sosdetox.esteticapriscilapalazzo.com.br\/wp-content\/uploads\/2024\/03\/Kit_SOS_Detox_Palazzo01-150x150.png 150w, https:\/\/sosdetox.esteticapriscilapalazzo.com.br\/wp-content\/uploads\/2024\/03\/Kit_SOS_Detox_Palazzo01-768x768.png 768w, https:\/\/sosdetox.esteticapriscilapalazzo.com.br\/wp-content\/uploads\/2024\/03\/Kit_SOS_Detox_Palazzo01-100x100.png 100w\" sizes=\"100vw\" \/>\t\t\t\t\t\t\t\t\t\t\t\t\t<\/div>\n\t\t\t\t<\/div>\n\t\t\t\t<\/div>\n\t\t\t\t\t<\/div>\n\t\t\t\t<\/div>\n\t\t<div class=\"elementor-element elementor-element-8efbfab e-flex e-con-boxed e-con e-parent\" data-id=\"8efbfab\" data-element_type=\"container\" data-settings=\"{&quot;background_background&quot;:&quot;classic&quot;,&quot;content_width&quot;:&quot;boxed&quot;}\" data-core-v316-plus=\"true\">\n\t\t\t\t\t<div class=\"e-con-inner\">\n\t\t<div class=\"elementor-element elementor-element-bbb82ab e-con-full e-flex e-con e-child\" data-id=\"bbb82ab\" data-element_type=\"container\" data-settings=\"{&quot;content_width&quot;:&quot;full&quot;}\">\n\t\t\t\t<div class=\"elementor-element elementor-element-255c60f elementor-widget elementor-widget-spacer\" data-id=\"255c60f\" data-element_type=\"widget\" data-widget_type=\"spacer.default\">\n\t\t\t\t<div class=\"elementor-widget-container\">\n\t\t\t<style>\/*! elementor - v3.19.0 - 28-02-2024 *\/\n.elementor-column .elementor-spacer-inner{height:var(--spacer-size)}.e-con{--container-widget-width:100%}.e-con-inner>.elementor-widget-spacer,.e-con>.elementor-widget-spacer{width:var(--container-widget-width,var(--spacer-size));--align-self:var(--container-widget-align-self,initial);--flex-shrink:0}.e-con-inner>.elementor-widget-spacer>.elementor-widget-container,.e-con>.elementor-widget-spacer>.elementor-widget-container{height:100%;width:100%}.e-con-inner>.elementor-widget-spacer>.elementor-widget-container>.elementor-spacer,.e-con>.elementor-widget-spacer>.elementor-widget-container>.elementor-spacer{height:100%}.e-con-inner>.elementor-widget-spacer>.elementor-widget-container>.elementor-spacer>.elementor-spacer-inner,.e-con>.elementor-widget-spacer>.elementor-widget-container>.elementor-spacer>.elementor-spacer-inner{height:var(--container-widget-height,var(--spacer-size))}.e-con-inner>.elementor-widget-spacer.elementor-widget-empty,.e-con>.elementor-widget-spacer.elementor-widget-empty{position:relative;min-height:22px;min-width:22px}.e-con-inner>.elementor-widget-spacer.elementor-widget-empty .elementor-widget-empty-icon,.e-con>.elementor-widget-spacer.elementor-widget-empty .elementor-widget-empty-icon{position:absolute;top:0;bottom:0;left:0;right:0;margin:auto;padding:0;width:22px;height:22px}<\/style>\t\t<div class=\"elementor-spacer\">\n\t\t\t<div class=\"elementor-spacer-inner\"><\/div>\n\t\t<\/div>\n\t\t\t\t<\/div>\n\t\t\t\t<\/div>\n\t\t\t\t<div class=\"elementor-element elementor-element-e753d78 elementor-widget elementor-widget-heading\" data-id=\"e753d78\" data-element_type=\"widget\" data-widget_type=\"heading.default\">\n\t\t\t\t<div class=\"elementor-widget-container\">\n\t\t\t<h2 class=\"elementor-heading-title elementor-size-default\">Conhe\u00e7a os produtos do seu kit:<\/h2>\t\t<\/div>\n\t\t\t\t<\/div>\n\t\t\t\t<div class=\"elementor-element elementor-element-98fd681 elementor-widget elementor-widget-spacer\" data-id=\"98fd681\" data-element_type=\"widget\" data-widget_type=\"spacer.default\">\n\t\t\t\t<div class=\"elementor-widget-container\">\n\t\t\t\t\t<div class=\"elementor-spacer\">\n\t\t\t<div class=\"elementor-spacer-inner\"><\/div>\n\t\t<\/div>\n\t\t\t\t<\/div>\n\t\t\t\t<\/div>\n\t\t\t\t<div class=\"elementor-element elementor-element-af4b70d elementor-widget elementor-widget-text-editor\" data-id=\"af4b70d\" data-element_type=\"widget\" data-widget_type=\"text-editor.default\">\n\t\t\t\t<div class=\"elementor-widget-container\">\n\t\t\t\t\t\t\t<ul>\n<li><strong>Daily.Shot:<\/strong>&nbsp;Shot funcional, nutritivo, fonte de vitaminas e minerais. Seus ativos altamente antioxidantes, melhoram nossas fun\u00e7\u00f5es de defesa otimizando nossa imunidade, al\u00e9m de garantirem um UP no dia a dia por acelerarem nosso metabolismo.<\/li>\n<\/ul>\n<ul>\n<li><strong>Daily Clean:<\/strong>&nbsp;P\u00f3 de preparo instant\u00e2neo, rico em fibras, vitaminas, minerais e ativos que poder\u00e3o auxiliar no equil\u00edbrio do funcionamento do organismo. Em sua composi\u00e7\u00e3o possui Couve, Chlorella, Abacaxi, Gengibre, lim\u00e3o, Ma\u00e7\u00e3, Hortel\u00e3 e um upcom o Ch\u00e1 Verde e a Salsa.<br><br><\/li>\n<li><strong>Daily Drain:<\/strong>&nbsp;Elimina a reten\u00e7\u00e3o de l\u00edquidos, atrav\u00e9s das suas a\u00e7\u00f5es diur\u00e9tica e antioxidante, contribuindo para a redu\u00e7\u00e3o de peso.<br><br><\/li>\n<li><strong>Fiber.Soup:<\/strong>&nbsp;Sopa funcional, de preparo instant\u00e2neo, que al\u00e9m de ser pr\u00e1tica, \u00e9 altamente nutritiva, rica em fibras. Ainda pode auxiliar no bom funcionamento do intestino al\u00e9m de proporcionar mais saciedade.<br><br><\/li>\n<li><strong>Sacie.Fiber:<\/strong>&nbsp;\u00c9 a uni\u00e3o de fibras sol\u00faveis e insol\u00faveis, como Polidextose, Inulina e Psylium, que prev\u00eaem a melhoria do tr\u00e2nsito intestinal.<br><br><\/li>\n<li><strong>Clean.Soup:<\/strong>&nbsp;Sopa funcional, de preparo instant\u00e2neo, que al\u00e9m de ser pr\u00e1tica, \u00e9 altamente nutritiva, rica em fibras e ainda pode auxiliar no bom funcionamento e equil\u00edbrio do nosso organismo.<br><br><\/li>\n<li><strong>Muscle Recover:&nbsp;<\/strong>Mix de prote\u00ednas, vitaminas e minerais. Sua f\u00f3rmula usa como base a prote\u00edna isolada do soro do leite, mais conhecido como Whey Protein Isolado e os Peptideos bioativas de Col\u00e1geno Hidrolisado, o Verisol. Auxilia na manuten\u00e7\u00e3o dos m\u00fasculos e tecidos.<\/li>\n<\/ul>\t\t\t\t\t\t<\/div>\n\t\t\t\t<\/div>\n\t\t\t\t<\/div>\n\t\t<div class=\"elementor-element elementor-element-ba2b511 e-con-full e-flex e-con e-child\" data-id=\"ba2b511\" data-element_type=\"container\" data-settings=\"{&quot;content_width&quot;:&quot;full&quot;}\">\n\t\t\t\t<div class=\"elementor-element elementor-element-e6d9dfc elementor-widget elementor-widget-spacer\" data-id=\"e6d9dfc\" data-element_type=\"widget\" data-widget_type=\"spacer.default\">\n\t\t\t\t<div class=\"elementor-widget-container\">\n\t\t\t\t\t<div class=\"elementor-spacer\">\n\t\t\t<div class=\"elementor-spacer-inner\"><\/div>\n\t\t<\/div>\n\t\t\t\t<\/div>\n\t\t\t\t<\/div>\n\t\t\t\t<div class=\"elementor-element elementor-element-746a326 elementor-widget elementor-widget-image\" data-id=\"746a326\" data-element_type=\"widget\" data-widget_type=\"image.default\">\n\t\t\t\t<div class=\"elementor-widget-container\">\n\t\t\t\t\t\t\t\t\t\t\t\t\t<img decoding=\"async\" width=\"525\" height=\"788\" src=\"https:\/\/sosdetox.esteticapriscilapalazzo.com.br\/wp-content\/uploads\/2024\/03\/211-1-768x1152.jpg\" class=\"attachment-medium_large size-medium_large wp-image-41\" alt=\"\" srcset=\"https:\/\/sosdetox.esteticapriscilapalazzo.com.br\/wp-content\/uploads\/2024\/03\/211-1-768x1152.jpg 768w, https:\/\/sosdetox.esteticapriscilapalazzo.com.br\/wp-content\/uploads\/2024\/03\/211-1-200x300.jpg 200w, https:\/\/sosdetox.esteticapriscilapalazzo.com.br\/wp-content\/uploads\/2024\/03\/211-1-683x1024.jpg 683w, https:\/\/sosdetox.esteticapriscilapalazzo.com.br\/wp-content\/uploads\/2024\/03\/211-1-1024x1536.jpg 1024w, https:\/\/sosdetox.esteticapriscilapalazzo.com.br\/wp-content\/uploads\/2024\/03\/211-1-1365x2048.jpg 1365w, https:\/\/sosdetox.esteticapriscilapalazzo.com.br\/wp-content\/uploads\/2024\/03\/211-1-scaled.jpg 1707w\" sizes=\"100vw\" \/>\t\t\t\t\t\t\t\t\t\t\t\t\t<\/div>\n\t\t\t\t<\/div>\n\t\t\t\t<\/div>\n\t\t\t\t\t<\/div>\n\t\t\t\t<\/div>\n\t\t<div class=\"elementor-element elementor-element-5029398 e-flex e-con-boxed e-con e-parent\" data-id=\"5029398\" data-element_type=\"container\" data-settings=\"{&quot;background_background&quot;:&quot;gradient&quot;,&quot;content_width&quot;:&quot;boxed&quot;}\" data-core-v316-plus=\"true\">\n\t\t\t\t\t<div class=\"e-con-inner\">\n\t\t<div class=\"elementor-element elementor-element-34675e2 e-con-full e-flex e-con e-child\" data-id=\"34675e2\" data-element_type=\"container\" data-settings=\"{&quot;content_width&quot;:&quot;full&quot;}\">\n\t\t\t\t<div class=\"elementor-element elementor-element-40c2149 elementor-widget__width-inherit elementor-widget elementor-widget-video\" data-id=\"40c2149\" data-element_type=\"widget\" data-settings=\"{&quot;video_type&quot;:&quot;hosted&quot;,&quot;controls&quot;:&quot;yes&quot;}\" data-widget_type=\"video.default\">\n\t\t\t\t<div class=\"elementor-widget-container\">\n\t\t\t<style>\/*! elementor - v3.19.0 - 28-02-2024 *\/\n.elementor-widget-video .elementor-widget-container{overflow:hidden;transform:translateZ(0)}.elementor-widget-video .elementor-wrapper{aspect-ratio:var(--video-aspect-ratio)}.elementor-widget-video .elementor-wrapper iframe,.elementor-widget-video .elementor-wrapper video{height:100%;width:100%;display:flex;border:none;background-color:#000}@supports not (aspect-ratio:1\/1){.elementor-widget-video .elementor-wrapper{position:relative;overflow:hidden;height:0;padding-bottom:calc(100% \/ var(--video-aspect-ratio))}.elementor-widget-video .elementor-wrapper iframe,.elementor-widget-video .elementor-wrapper video{position:absolute;top:0;right:0;bottom:0;left:0}}.elementor-widget-video .elementor-open-inline .elementor-custom-embed-image-overlay{position:absolute;top:0;right:0;bottom:0;left:0;background-size:cover;background-position:50%}.elementor-widget-video .elementor-custom-embed-image-overlay{cursor:pointer;text-align:center}.elementor-widget-video .elementor-custom-embed-image-overlay:hover .elementor-custom-embed-play i{opacity:1}.elementor-widget-video .elementor-custom-embed-image-overlay img{display:block;width:100%;aspect-ratio:var(--video-aspect-ratio);-o-object-fit:cover;object-fit:cover;-o-object-position:center center;object-position:center center}@supports not (aspect-ratio:1\/1){.elementor-widget-video .elementor-custom-embed-image-overlay{position:relative;overflow:hidden;height:0;padding-bottom:calc(100% \/ var(--video-aspect-ratio))}.elementor-widget-video .elementor-custom-embed-image-overlay img{position:absolute;top:0;right:0;bottom:0;left:0}}.elementor-widget-video .e-hosted-video .elementor-video{-o-object-fit:cover;object-fit:cover}.e-con-inner>.elementor-widget-video,.e-con>.elementor-widget-video{width:var(--container-widget-width);--flex-grow:var(--container-widget-flex-grow)}<\/style>\t\t<div class=\"e-hosted-video elementor-wrapper elementor-open-inline\">\n\t\t\t\t\t<video class=\"elementor-video\" src=\"http:\/\/sosdetox.esteticapriscilapalazzo.com.br\/wp-content\/uploads\/2024\/03\/84659587.mp4\" controls=\"\" preload=\"metadata\" controlsList=\"nodownload\"><\/video>\n\t\t\t\t<\/div>\n\t\t\t\t<\/div>\n\t\t\t\t<\/div>\n\t\t\t\t<\/div>\n\t\t<div class=\"elementor-element elementor-element-a7710f8 e-con-full e-flex e-con e-child\" data-id=\"a7710f8\" data-element_type=\"container\" data-settings=\"{&quot;content_width&quot;:&quot;full&quot;}\">\n\t\t\t\t<div class=\"elementor-element elementor-element-570ddcc elementor-widget elementor-widget-spacer\" data-id=\"570ddcc\" data-element_type=\"widget\" data-widget_type=\"spacer.default\">\n\t\t\t\t<div class=\"elementor-widget-container\">\n\t\t\t\t\t<div class=\"elementor-spacer\">\n\t\t\t<div class=\"elementor-spacer-inner\"><\/div>\n\t\t<\/div>\n\t\t\t\t<\/div>\n\t\t\t\t<\/div>\n\t\t\t\t<div class=\"elementor-element elementor-element-f982098 elementor-widget elementor-widget-heading\" data-id=\"f982098\" data-element_type=\"widget\" data-widget_type=\"heading.default\">\n\t\t\t\t<div class=\"elementor-widget-container\">\n\t\t\t<h2 class=\"elementor-heading-title elementor-size-default\">Entre em contato conosco e garanta agora o seu SOS Detox!<\/h2>\t\t<\/div>\n\t\t\t\t<\/div>\n\t\t\t\t<div class=\"elementor-element elementor-element-eb4ce50 elementor-widget elementor-widget-spacer\" data-id=\"eb4ce50\" data-element_type=\"widget\" data-widget_type=\"spacer.default\">\n\t\t\t\t<div class=\"elementor-widget-container\">\n\t\t\t\t\t<div class=\"elementor-spacer\">\n\t\t\t<div class=\"elementor-spacer-inner\"><\/div>\n\t\t<\/div>\n\t\t\t\t<\/div>\n\t\t\t\t<\/div>\n\t\t\t\t<div class=\"elementor-element elementor-element-318a3e8 elementor-widget elementor-widget-text-editor\" data-id=\"318a3e8\" data-element_type=\"widget\" data-widget_type=\"text-editor.default\">\n\t\t\t\t<div class=\"elementor-widget-container\">\n\t\t\t\t\t\t\t<p>\u2705 Menos d\u00edgitos na balan\u00e7a<br \/>\u2705 Completo em suporte de nutrientes<br \/>\u2705 Criado por uma equipe multidisciplinar<br \/>\u2705 Fortalece o seu sistema de defesa<br \/>\u2705 Mais sa\u00fade e autoestima pra voc\u00ea<\/p>\t\t\t\t\t\t<\/div>\n\t\t\t\t<\/div>\n\t\t\t\t<div class=\"elementor-element elementor-element-5b4e390 elementor-widget elementor-widget-spacer\" data-id=\"5b4e390\" data-element_type=\"widget\" data-widget_type=\"spacer.default\">\n\t\t\t\t<div class=\"elementor-widget-container\">\n\t\t\t\t\t<div class=\"elementor-spacer\">\n\t\t\t<div class=\"elementor-spacer-inner\"><\/div>\n\t\t<\/div>\n\t\t\t\t<\/div>\n\t\t\t\t<\/div>\n\t\t\t\t<div class=\"elementor-element elementor-element-149532a elementor-align-center elementor-widget elementor-widget-button\" data-id=\"149532a\" data-element_type=\"widget\" data-widget_type=\"button.default\">\n\t\t\t\t<div class=\"elementor-widget-container\">\n\t\t\t\t\t<div class=\"elementor-button-wrapper\">\n\t\t\t<a class=\"elementor-button elementor-button-link elementor-size-md\" href=\"https:\/\/www.esteticahomeoficial.com.br\/combo-sos-detox-3-dias-novo\/\">\n\t\t\t\t\t\t<span class=\"elementor-button-content-wrapper\">\n\t\t\t\t\t\t<span class=\"elementor-button-text\">Quero garantir meu SOS Detox<\/span>\n\t\t<\/span>\n\t\t\t\t\t<\/a>\n\t\t<\/div>\n\t\t\t\t<\/div>\n\t\t\t\t<\/div>\n\t\t\t\t<\/div>\n\t\t\t\t\t<\/div>\n\t\t\t\t<\/div>\n\t\t<div class=\"elementor-element elementor-element-48b2ff3 e-flex e-con-boxed e-con e-parent\" data-id=\"48b2ff3\" data-element_type=\"container\" data-settings=\"{&quot;background_background&quot;:&quot;classic&quot;,&quot;content_width&quot;:&quot;boxed&quot;}\" data-core-v316-plus=\"true\">\n\t\t\t\t\t<div class=\"e-con-inner\">\n\t\t\t\t<div class=\"elementor-element elementor-element-4f0a11e elementor-widget elementor-widget-heading\" data-id=\"4f0a11e\" data-element_type=\"widget\" data-widget_type=\"heading.default\">\n\t\t\t\t<div class=\"elementor-widget-container\">\n\t\t\t<h2 class=\"elementor-heading-title elementor-size-default\">Todos os direitos reservados a Est\u00e9tica Home<\/h2>\t\t<\/div>\n\t\t\t\t<\/div>\n\t\t\t\t\t<\/div>\n\t\t\t\t<\/div>\n\t\t\t\t<\/div>\n\t\t","protected":false},"excerpt":{"rendered":"<p>A chave para desintoxicar, revigorar e brilhar ainda mais! \u00a0SOS Detox \u00e9 formulado para eliminar toxinas e impurezas, proporcionando uma sensa\u00e7\u00e3o de leveza e vitalidade. Perca at\u00e9 4kg em 3 diascombinando ingredientes naturais poderosos. Garanta agora o seu Conhe\u00e7a os produtos do seu kit: Daily.Shot:&nbsp;Shot funcional, nutritivo, fonte de vitaminas e minerais. Seus ativos altamente &hellip; <\/p>\n<p class=\"link-more\"><a href=\"https:\/\/sosdetox.esteticapriscilapalazzo.com.br\/\" class=\"more-link\">Continue lendo<span class=\"screen-reader-text\"> &#8220;SOS Detox&#8221;<\/span><\/a><\/p>\n","protected":false},"author":1,"featured_media":0,"parent":0,"menu_order":0,"comment_status":"closed","ping_status":"closed","template":"elementor_canvas","meta":{"footnotes":""},"_links":{"self":[{"href":"https:\/\/sosdetox.esteticapriscilapalazzo.com.br\/index.php?rest_route=\/wp\/v2\/pages\/8"}],"collection":[{"href":"https:\/\/sosdetox.esteticapriscilapalazzo.com.br\/index.php?rest_route=\/wp\/v2\/pages"}],"about":[{"href":"https:\/\/sosdetox.esteticapriscilapalazzo.com.br\/index.php?rest_route=\/wp\/v2\/types\/page"}],"author":[{"embeddable":true,"href":"https:\/\/sosdetox.esteticapriscilapalazzo.com.br\/index.php?rest_route=\/wp\/v2\/users\/1"}],"replies":[{"embeddable":true,"href":"https:\/\/sosdetox.esteticapriscilapalazzo.com.br\/index.php?rest_route=%2Fwp%2Fv2%2Fcomments&post=8"}],"version-history":[{"count":49,"href":"https:\/\/sosdetox.esteticapriscilapalazzo.com.br\/index.php?rest_route=\/wp\/v2\/pages\/8\/revisions"}],"predecessor-version":[{"id":72,"href":"https:\/\/sosdetox.esteticapriscilapalazzo.com.br\/index.php?rest_route=\/wp\/v2\/pages\/8\/revisions\/72"}],"wp:attachment":[{"href":"https:\/\/sosdetox.esteticapriscilapalazzo.com.br\/index.php?rest_route=%2Fwp%2Fv2%2Fmedia&parent=8"}],"curies":[{"name":"wp","href":"https:\/\/api.w.org\/{rel}","templated":true}]}}